{"id":39,"date":"2017-09-01T22:01:10","date_gmt":"2017-09-02T02:01:10","guid":{"rendered":"https:\/\/brunoandnick.ca\/?page_id=39\/"},"modified":"2021-01-04T14:37:42","modified_gmt":"2021-01-04T18:37:42","slug":"a-propos","status":"publish","type":"page","link":"https:\/\/brunoandnick.ca\/fr\/a-propos\/","title":{"rendered":"\u00c0 propos"},"content":{"rendered":"<p><span lang=\"FR-CA\">Avec tout pr\u00e8s de 43 ans de service d<\/span><span lang=\"FR-CA\">\u00e9<\/span><span lang=\"FR-CA\">di\u00e9, M. Bruno Cestra ainsi que son fils Giancarlo sont fiers de vous offrir une gamme de plus de 2500 produits hors pair r\u00e9pondant aux besoins sp\u00e9cifiques de leur client\u00e8le de restaurants, salles de r\u00e9ceptions, boulangeries, p\u00e2tisseries et bien plus.\u00a0<\/span>Ensembles, avec une \u00e9quipe d\u2019employ\u00e9s d\u00e9vou\u00e9s, Bruno et Nick Inc. vous offre un service exceptionnel, et ce, depuis 1978.<\/p>\n","protected":false},"excerpt":{"rendered":"<p>Avec tout pr\u00e8s de 43 ans de service d\u00e9di\u00e9, M. Bruno Cestra ainsi que son fils Giancarlo sont fiers de &#8230; <a class=\"read-more\" href=\"https:\/\/brunoandnick.ca\/fr\/a-propos\/\">[Read More]<\/a><\/p>\n","protected":false},"author":2,"featured_media":36,"parent":0,"menu_order":0,"comment_status":"closed","ping_status":"closed","template":"tpl-page-about.php","meta":{"footnotes":""},"yoast_head":"<!-- This site is optimized with the Yoast SEO plugin v23.5 - https:\/\/yoast.com\/wordpress\/plugins\/seo\/ -->\n<title>\u00c0 propos | Bruno &amp; Nick<\/title>\n<meta name=\"description\" content=\"Bruno &amp; Nick sont fiers de vous offrir une gamme de plus de 2500 produits hors pair r\u00e9pondant aux besoins sp\u00e9cifiques de leur client\u00e8le de restaurants, salles de r\u00e9ception, p\u00e2tisseries et bien plus.\" \/>\n<meta name=\"robots\" content=\"index, follow, max-snippet:-1, max-image-preview:large, max-video-preview:-1\" \/>\n<link rel=\"canonical\" href=\"https:\/\/brunoandnick.ca\/about-us\/\" \/>\n<meta property=\"og:locale\" content=\"fr_FR\" \/>\n<meta property=\"og:type\" content=\"article\" \/>\n<meta property=\"og:title\" content=\"\u00c0 propos | Bruno &amp; Nick\" \/>\n<meta property=\"og:description\" content=\"Bruno &amp; Nick sont fiers de vous offrir une gamme de plus de 2500 produits hors pair r\u00e9pondant aux besoins sp\u00e9cifiques de leur client\u00e8le de restaurants, salles de r\u00e9ception, p\u00e2tisseries et bien plus.\" \/>\n<meta property=\"og:url\" content=\"https:\/\/brunoandnick.ca\/about-us\/\" \/>\n<meta property=\"og:site_name\" content=\"Bruno &amp; Nick\" \/>\n<meta property=\"article:modified_time\" content=\"2021-01-04T18:37:42+00:00\" \/>\n<meta property=\"og:image\" content=\"https:\/\/brunoandnick.ca\/wp-content\/uploads\/2017\/08\/bruno-and-nick.jpg\" \/>\n\t<meta property=\"og:image:width\" content=\"1024\" \/>\n\t<meta property=\"og:image:height\" content=\"747\" \/>\n\t<meta property=\"og:image:type\" content=\"image\/jpeg\" \/>\n<meta name=\"twitter:card\" content=\"summary_large_image\" \/>\n<script type=\"application\/ld+json\" class=\"yoast-schema-graph\">{\"@context\":\"https:\/\/schema.org\",\"@graph\":[{\"@type\":\"WebPage\",\"@id\":\"https:\/\/brunoandnick.ca\/about-us\/\",\"url\":\"https:\/\/brunoandnick.ca\/about-us\/\",\"name\":\"\u00c0 propos | Bruno &amp; Nick\",\"isPartOf\":{\"@id\":\"https:\/\/brunoandnick.ca\/#website\"},\"primaryImageOfPage\":{\"@id\":\"https:\/\/brunoandnick.ca\/about-us\/#primaryimage\"},\"image\":{\"@id\":\"https:\/\/brunoandnick.ca\/about-us\/#primaryimage\"},\"thumbnailUrl\":\"https:\/\/brunoandnick.ca\/wp-content\/uploads\/2017\/08\/bruno-and-nick.jpg\",\"datePublished\":\"2017-09-02T02:01:10+00:00\",\"dateModified\":\"2021-01-04T18:37:42+00:00\",\"description\":\"Bruno & Nick sont fiers de vous offrir une gamme de plus de 2500 produits hors pair r\u00e9pondant aux besoins sp\u00e9cifiques de leur client\u00e8le de restaurants, salles de r\u00e9ception, p\u00e2tisseries et bien plus.\",\"breadcrumb\":{\"@id\":\"https:\/\/brunoandnick.ca\/about-us\/#breadcrumb\"},\"inLanguage\":\"fr-FR\",\"potentialAction\":[{\"@type\":\"ReadAction\",\"target\":[\"https:\/\/brunoandnick.ca\/about-us\/\"]}]},{\"@type\":\"ImageObject\",\"inLanguage\":\"fr-FR\",\"@id\":\"https:\/\/brunoandnick.ca\/about-us\/#primaryimage\",\"url\":\"https:\/\/brunoandnick.ca\/wp-content\/uploads\/2017\/08\/bruno-and-nick.jpg\",\"contentUrl\":\"https:\/\/brunoandnick.ca\/wp-content\/uploads\/2017\/08\/bruno-and-nick.jpg\",\"width\":1024,\"height\":747},{\"@type\":\"BreadcrumbList\",\"@id\":\"https:\/\/brunoandnick.ca\/about-us\/#breadcrumb\",\"itemListElement\":[{\"@type\":\"ListItem\",\"position\":1,\"name\":\"Home\",\"item\":\"https:\/\/brunoandnick.ca\/fr\/\"},{\"@type\":\"ListItem\",\"position\":2,\"name\":\"\u00c0 propos\"}]},{\"@type\":\"WebSite\",\"@id\":\"https:\/\/brunoandnick.ca\/#website\",\"url\":\"https:\/\/brunoandnick.ca\/\",\"name\":\"Bruno &amp; Nick\",\"description\":\"Service alimentaire | Food Service\",\"potentialAction\":[{\"@type\":\"SearchAction\",\"target\":{\"@type\":\"EntryPoint\",\"urlTemplate\":\"https:\/\/brunoandnick.ca\/?s={search_term_string}\"},\"query-input\":{\"@type\":\"PropertyValueSpecification\",\"valueRequired\":true,\"valueName\":\"search_term_string\"}}],\"inLanguage\":\"fr-FR\"}]}<\/script>\n<!-- \/ Yoast SEO plugin. -->","yoast_head_json":{"title":"\u00c0 propos | Bruno &amp; Nick","description":"Bruno & Nick sont fiers de vous offrir une gamme de plus de 2500 produits hors pair r\u00e9pondant aux besoins sp\u00e9cifiques de leur client\u00e8le de restaurants, salles de r\u00e9ception, p\u00e2tisseries et bien plus.","robots":{"index":"index","follow":"follow","max-snippet":"max-snippet:-1","max-image-preview":"max-image-preview:large","max-video-preview":"max-video-preview:-1"},"canonical":"https:\/\/brunoandnick.ca\/about-us\/","og_locale":"fr_FR","og_type":"article","og_title":"\u00c0 propos | Bruno &amp; Nick","og_description":"Bruno & Nick sont fiers de vous offrir une gamme de plus de 2500 produits hors pair r\u00e9pondant aux besoins sp\u00e9cifiques de leur client\u00e8le de restaurants, salles de r\u00e9ception, p\u00e2tisseries et bien plus.","og_url":"https:\/\/brunoandnick.ca\/about-us\/","og_site_name":"Bruno &amp; Nick","article_modified_time":"2021-01-04T18:37:42+00:00","og_image":[{"width":1024,"height":747,"url":"https:\/\/brunoandnick.ca\/wp-content\/uploads\/2017\/08\/bruno-and-nick.jpg","type":"image\/jpeg"}],"twitter_card":"summary_large_image","schema":{"@context":"https:\/\/schema.org","@graph":[{"@type":"WebPage","@id":"https:\/\/brunoandnick.ca\/about-us\/","url":"https:\/\/brunoandnick.ca\/about-us\/","name":"\u00c0 propos | Bruno &amp; Nick","isPartOf":{"@id":"https:\/\/brunoandnick.ca\/#website"},"primaryImageOfPage":{"@id":"https:\/\/brunoandnick.ca\/about-us\/#primaryimage"},"image":{"@id":"https:\/\/brunoandnick.ca\/about-us\/#primaryimage"},"thumbnailUrl":"https:\/\/brunoandnick.ca\/wp-content\/uploads\/2017\/08\/bruno-and-nick.jpg","datePublished":"2017-09-02T02:01:10+00:00","dateModified":"2021-01-04T18:37:42+00:00","description":"Bruno & Nick sont fiers de vous offrir une gamme de plus de 2500 produits hors pair r\u00e9pondant aux besoins sp\u00e9cifiques de leur client\u00e8le de restaurants, salles de r\u00e9ception, p\u00e2tisseries et bien plus.","breadcrumb":{"@id":"https:\/\/brunoandnick.ca\/about-us\/#breadcrumb"},"inLanguage":"fr-FR","potentialAction":[{"@type":"ReadAction","target":["https:\/\/brunoandnick.ca\/about-us\/"]}]},{"@type":"ImageObject","inLanguage":"fr-FR","@id":"https:\/\/brunoandnick.ca\/about-us\/#primaryimage","url":"https:\/\/brunoandnick.ca\/wp-content\/uploads\/2017\/08\/bruno-and-nick.jpg","contentUrl":"https:\/\/brunoandnick.ca\/wp-content\/uploads\/2017\/08\/bruno-and-nick.jpg","width":1024,"height":747},{"@type":"BreadcrumbList","@id":"https:\/\/brunoandnick.ca\/about-us\/#breadcrumb","itemListElement":[{"@type":"ListItem","position":1,"name":"Home","item":"https:\/\/brunoandnick.ca\/fr\/"},{"@type":"ListItem","position":2,"name":"\u00c0 propos"}]},{"@type":"WebSite","@id":"https:\/\/brunoandnick.ca\/#website","url":"https:\/\/brunoandnick.ca\/","name":"Bruno &amp; Nick","description":"Service alimentaire | Food Service","potentialAction":[{"@type":"SearchAction","target":{"@type":"EntryPoint","urlTemplate":"https:\/\/brunoandnick.ca\/?s={search_term_string}"},"query-input":{"@type":"PropertyValueSpecification","valueRequired":true,"valueName":"search_term_string"}}],"inLanguage":"fr-FR"}]}},"_links":{"self":[{"href":"https:\/\/brunoandnick.ca\/fr\/wp-json\/wp\/v2\/pages\/39"}],"collection":[{"href":"https:\/\/brunoandnick.ca\/fr\/wp-json\/wp\/v2\/pages"}],"about":[{"href":"https:\/\/brunoandnick.ca\/fr\/wp-json\/wp\/v2\/types\/page"}],"author":[{"embeddable":true,"href":"https:\/\/brunoandnick.ca\/fr\/wp-json\/wp\/v2\/users\/2"}],"replies":[{"embeddable":true,"href":"https:\/\/brunoandnick.ca\/fr\/wp-json\/wp\/v2\/comments?post=39"}],"version-history":[{"count":5,"href":"https:\/\/brunoandnick.ca\/fr\/wp-json\/wp\/v2\/pages\/39\/revisions"}],"predecessor-version":[{"id":293,"href":"https:\/\/brunoandnick.ca\/fr\/wp-json\/wp\/v2\/pages\/39\/revisions\/293"}],"wp:featuredmedia":[{"embeddable":true,"href":"https:\/\/brunoandnick.ca\/fr\/wp-json\/wp\/v2\/media\/36"}],"wp:attachment":[{"href":"https:\/\/brunoandnick.ca\/fr\/wp-json\/wp\/v2\/media?parent=39"}],"curies":[{"name":"wp","href":"https:\/\/api.w.org\/{rel}","templated":true}]}}