{"id":46,"date":"2017-09-01T22:13:06","date_gmt":"2017-09-02T02:13:06","guid":{"rendered":"https:\/\/brunoandnick.ca\/?page_id=46\/"},"modified":"2025-10-30T14:54:45","modified_gmt":"2025-10-30T18:54:45","slug":"speciaux","status":"publish","type":"page","link":"https:\/\/brunoandnick.ca\/fr\/speciaux\/","title":{"rendered":"Sp\u00e9ciaux"},"content":{"rendered":"<h4>Cliquez sur l&rsquo;image pour regarder nos sp\u00e9ciaux du mois.<\/h4>\n<p>Chez Bruno et Nick nous appr\u00e9cions la loyaut\u00e9 de nos clients.<\/p>\n<p>Pour vous d\u00e9montrer notre appr\u00e9ciation, nous vous offrons des sp\u00e9ciaux mensuels pour que vous puissiez profiter de vos produits favoris \u00e0 prix r\u00e9duit.<\/p>\n<p class=\"text-small\">Vous avez besoin de \u00ab\u00a0Adobe Reader\u00a0\u00bb pour ouvrir le fichier. Si vous n&rsquo;avez pas \u00ab\u00a0Adobe Reader\u00a0\u00bb, vous pouvez le t\u00e9l\u00e9charger gratuitement\u00a0<a href=\"https:\/\/get.adobe.com\/reader\/\" target=\"_blank\" rel=\"noopener\">ici<\/a>.<\/p>\n<p><a href=\"https:\/\/brunoandnick.ca\/fr\/produits\/\" class=\"btn\" target=\"_self\">nos produits<\/a><\/p>\n","protected":false},"excerpt":{"rendered":"<p>Cliquez sur l&rsquo;image pour regarder nos sp\u00e9ciaux du mois. Chez Bruno et Nick nous appr\u00e9cions la loyaut\u00e9 de nos clients. &#8230; <a class=\"read-more\" href=\"https:\/\/brunoandnick.ca\/fr\/speciaux\/\">[Read More]<\/a><\/p>\n","protected":false},"author":2,"featured_media":753,"parent":0,"menu_order":0,"comment_status":"closed","ping_status":"closed","template":"tpl-page-specials.php","meta":{"footnotes":""},"yoast_head":"<!-- This site is optimized with the Yoast SEO plugin v23.5 - https:\/\/yoast.com\/wordpress\/plugins\/seo\/ -->\n<title>Sp\u00e9ciaux mensuels | Bruno &amp; Nick<\/title>\n<meta name=\"description\" content=\"Pour vous d\u00e9montrer notre appr\u00e9ciation Bruno &amp; Nick vous offrons des sp\u00e9ciaux mensuels pour que vous puissiez profiter de vos produits favoris \u00e0 prix r\u00e9duit.\" \/>\n<meta name=\"robots\" content=\"index, follow, max-snippet:-1, max-image-preview:large, max-video-preview:-1\" \/>\n<link rel=\"canonical\" href=\"https:\/\/brunoandnick.ca\/fr\/speciaux\/\" \/>\n<meta property=\"og:locale\" content=\"fr_FR\" \/>\n<meta property=\"og:type\" content=\"article\" \/>\n<meta property=\"og:title\" content=\"Sp\u00e9ciaux mensuels | Bruno &amp; Nick\" \/>\n<meta property=\"og:description\" content=\"Pour vous d\u00e9montrer notre appr\u00e9ciation Bruno &amp; Nick vous offrons des sp\u00e9ciaux mensuels pour que vous puissiez profiter de vos produits favoris \u00e0 prix r\u00e9duit.\" \/>\n<meta property=\"og:url\" content=\"https:\/\/brunoandnick.ca\/fr\/speciaux\/\" \/>\n<meta property=\"og:site_name\" content=\"Bruno &amp; Nick\" \/>\n<meta property=\"article:modified_time\" content=\"2025-10-30T18:54:45+00:00\" \/>\n<meta property=\"og:image\" content=\"https:\/\/brunoandnick.ca\/wp-content\/uploads\/2025\/10\/Front-Page-NovDec-2025.png\" \/>\n\t<meta property=\"og:image:width\" content=\"1545\" \/>\n\t<meta property=\"og:image:height\" content=\"2000\" \/>\n\t<meta property=\"og:image:type\" content=\"image\/png\" \/>\n<meta name=\"twitter:card\" content=\"summary_large_image\" \/>\n<meta name=\"twitter:label1\" content=\"Dur\u00e9e de lecture estim\u00e9e\" \/>\n\t<meta name=\"twitter:data1\" content=\"1 minute\" \/>\n<script type=\"application\/ld+json\" class=\"yoast-schema-graph\">{\"@context\":\"https:\/\/schema.org\",\"@graph\":[{\"@type\":\"WebPage\",\"@id\":\"https:\/\/brunoandnick.ca\/fr\/speciaux\/\",\"url\":\"https:\/\/brunoandnick.ca\/fr\/speciaux\/\",\"name\":\"Sp\u00e9ciaux mensuels | Bruno &amp; Nick\",\"isPartOf\":{\"@id\":\"https:\/\/brunoandnick.ca\/#website\"},\"primaryImageOfPage\":{\"@id\":\"https:\/\/brunoandnick.ca\/fr\/speciaux\/#primaryimage\"},\"image\":{\"@id\":\"https:\/\/brunoandnick.ca\/fr\/speciaux\/#primaryimage\"},\"thumbnailUrl\":\"https:\/\/brunoandnick.ca\/wp-content\/uploads\/2025\/10\/Front-Page-NovDec-2025.png\",\"datePublished\":\"2017-09-02T02:13:06+00:00\",\"dateModified\":\"2025-10-30T18:54:45+00:00\",\"description\":\"Pour vous d\u00e9montrer notre appr\u00e9ciation Bruno & Nick vous offrons des sp\u00e9ciaux mensuels pour que vous puissiez profiter de vos produits favoris \u00e0 prix r\u00e9duit.\",\"breadcrumb\":{\"@id\":\"https:\/\/brunoandnick.ca\/fr\/speciaux\/#breadcrumb\"},\"inLanguage\":\"fr-FR\",\"potentialAction\":[{\"@type\":\"ReadAction\",\"target\":[\"https:\/\/brunoandnick.ca\/fr\/speciaux\/\"]}]},{\"@type\":\"ImageObject\",\"inLanguage\":\"fr-FR\",\"@id\":\"https:\/\/brunoandnick.ca\/fr\/speciaux\/#primaryimage\",\"url\":\"https:\/\/brunoandnick.ca\/wp-content\/uploads\/2025\/10\/Front-Page-NovDec-2025.png\",\"contentUrl\":\"https:\/\/brunoandnick.ca\/wp-content\/uploads\/2025\/10\/Front-Page-NovDec-2025.png\",\"width\":1545,\"height\":2000},{\"@type\":\"BreadcrumbList\",\"@id\":\"https:\/\/brunoandnick.ca\/fr\/speciaux\/#breadcrumb\",\"itemListElement\":[{\"@type\":\"ListItem\",\"position\":1,\"name\":\"Home\",\"item\":\"https:\/\/brunoandnick.ca\/fr\/\"},{\"@type\":\"ListItem\",\"position\":2,\"name\":\"Sp\u00e9ciaux\"}]},{\"@type\":\"WebSite\",\"@id\":\"https:\/\/brunoandnick.ca\/#website\",\"url\":\"https:\/\/brunoandnick.ca\/\",\"name\":\"Bruno &amp; Nick\",\"description\":\"Service alimentaire | Food Service\",\"potentialAction\":[{\"@type\":\"SearchAction\",\"target\":{\"@type\":\"EntryPoint\",\"urlTemplate\":\"https:\/\/brunoandnick.ca\/?s={search_term_string}\"},\"query-input\":{\"@type\":\"PropertyValueSpecification\",\"valueRequired\":true,\"valueName\":\"search_term_string\"}}],\"inLanguage\":\"fr-FR\"}]}<\/script>\n<!-- \/ Yoast SEO plugin. -->","yoast_head_json":{"title":"Sp\u00e9ciaux mensuels | Bruno &amp; Nick","description":"Pour vous d\u00e9montrer notre appr\u00e9ciation Bruno & Nick vous offrons des sp\u00e9ciaux mensuels pour que vous puissiez profiter de vos produits favoris \u00e0 prix r\u00e9duit.","robots":{"index":"index","follow":"follow","max-snippet":"max-snippet:-1","max-image-preview":"max-image-preview:large","max-video-preview":"max-video-preview:-1"},"canonical":"https:\/\/brunoandnick.ca\/fr\/speciaux\/","og_locale":"fr_FR","og_type":"article","og_title":"Sp\u00e9ciaux mensuels | Bruno &amp; Nick","og_description":"Pour vous d\u00e9montrer notre appr\u00e9ciation Bruno & Nick vous offrons des sp\u00e9ciaux mensuels pour que vous puissiez profiter de vos produits favoris \u00e0 prix r\u00e9duit.","og_url":"https:\/\/brunoandnick.ca\/fr\/speciaux\/","og_site_name":"Bruno &amp; Nick","article_modified_time":"2025-10-30T18:54:45+00:00","og_image":[{"width":1545,"height":2000,"url":"https:\/\/brunoandnick.ca\/wp-content\/uploads\/2025\/10\/Front-Page-NovDec-2025.png","type":"image\/png"}],"twitter_card":"summary_large_image","twitter_misc":{"Dur\u00e9e de lecture estim\u00e9e":"1 minute"},"schema":{"@context":"https:\/\/schema.org","@graph":[{"@type":"WebPage","@id":"https:\/\/brunoandnick.ca\/fr\/speciaux\/","url":"https:\/\/brunoandnick.ca\/fr\/speciaux\/","name":"Sp\u00e9ciaux mensuels | Bruno &amp; Nick","isPartOf":{"@id":"https:\/\/brunoandnick.ca\/#website"},"primaryImageOfPage":{"@id":"https:\/\/brunoandnick.ca\/fr\/speciaux\/#primaryimage"},"image":{"@id":"https:\/\/brunoandnick.ca\/fr\/speciaux\/#primaryimage"},"thumbnailUrl":"https:\/\/brunoandnick.ca\/wp-content\/uploads\/2025\/10\/Front-Page-NovDec-2025.png","datePublished":"2017-09-02T02:13:06+00:00","dateModified":"2025-10-30T18:54:45+00:00","description":"Pour vous d\u00e9montrer notre appr\u00e9ciation Bruno & Nick vous offrons des sp\u00e9ciaux mensuels pour que vous puissiez profiter de vos produits favoris \u00e0 prix r\u00e9duit.","breadcrumb":{"@id":"https:\/\/brunoandnick.ca\/fr\/speciaux\/#breadcrumb"},"inLanguage":"fr-FR","potentialAction":[{"@type":"ReadAction","target":["https:\/\/brunoandnick.ca\/fr\/speciaux\/"]}]},{"@type":"ImageObject","inLanguage":"fr-FR","@id":"https:\/\/brunoandnick.ca\/fr\/speciaux\/#primaryimage","url":"https:\/\/brunoandnick.ca\/wp-content\/uploads\/2025\/10\/Front-Page-NovDec-2025.png","contentUrl":"https:\/\/brunoandnick.ca\/wp-content\/uploads\/2025\/10\/Front-Page-NovDec-2025.png","width":1545,"height":2000},{"@type":"BreadcrumbList","@id":"https:\/\/brunoandnick.ca\/fr\/speciaux\/#breadcrumb","itemListElement":[{"@type":"ListItem","position":1,"name":"Home","item":"https:\/\/brunoandnick.ca\/fr\/"},{"@type":"ListItem","position":2,"name":"Sp\u00e9ciaux"}]},{"@type":"WebSite","@id":"https:\/\/brunoandnick.ca\/#website","url":"https:\/\/brunoandnick.ca\/","name":"Bruno &amp; Nick","description":"Service alimentaire | Food Service","potentialAction":[{"@type":"SearchAction","target":{"@type":"EntryPoint","urlTemplate":"https:\/\/brunoandnick.ca\/?s={search_term_string}"},"query-input":{"@type":"PropertyValueSpecification","valueRequired":true,"valueName":"search_term_string"}}],"inLanguage":"fr-FR"}]}},"_links":{"self":[{"href":"https:\/\/brunoandnick.ca\/fr\/wp-json\/wp\/v2\/pages\/46"}],"collection":[{"href":"https:\/\/brunoandnick.ca\/fr\/wp-json\/wp\/v2\/pages"}],"about":[{"href":"https:\/\/brunoandnick.ca\/fr\/wp-json\/wp\/v2\/types\/page"}],"author":[{"embeddable":true,"href":"https:\/\/brunoandnick.ca\/fr\/wp-json\/wp\/v2\/users\/2"}],"replies":[{"embeddable":true,"href":"https:\/\/brunoandnick.ca\/fr\/wp-json\/wp\/v2\/comments?post=46"}],"version-history":[{"count":2,"href":"https:\/\/brunoandnick.ca\/fr\/wp-json\/wp\/v2\/pages\/46\/revisions"}],"predecessor-version":[{"id":107,"href":"https:\/\/brunoandnick.ca\/fr\/wp-json\/wp\/v2\/pages\/46\/revisions\/107"}],"wp:featuredmedia":[{"embeddable":true,"href":"https:\/\/brunoandnick.ca\/fr\/wp-json\/wp\/v2\/media\/753"}],"wp:attachment":[{"href":"https:\/\/brunoandnick.ca\/fr\/wp-json\/wp\/v2\/media?parent=46"}],"curies":[{"name":"wp","href":"https:\/\/api.w.org\/{rel}","templated":true}]}}